{"id":1549,"date":"2025-11-27T19:57:10","date_gmt":"2025-11-27T19:57:10","guid":{"rendered":"https:\/\/constructionbriand.com\/?page_id=1549"},"modified":"2025-11-27T20:00:46","modified_gmt":"2025-11-27T20:00:46","slug":"bungalow-maison-plein-pied-anne-marie-garage","status":"publish","type":"page","link":"https:\/\/constructionbriand.com\/en\/bungalow-maison-plein-pied-anne-marie-garage\/","title":{"rendered":"bungalow-maison-plein-pied-anne-marie-garage"},"content":{"rendered":"<div data-elementor-type=\"wp-page\" data-elementor-id=\"1549\" class=\"elementor elementor-1549\">\n\t\t\t\t<div class=\"elementor-element elementor-element-4292f8a e-con-full e-flex e-con e-parent\" data-id=\"4292f8a\" data-element_type=\"container\" data-e-type=\"container\">\n\t\t<div class=\"elementor-element elementor-element-6c6574b e-con-full e-flex e-con e-child\" data-id=\"6c6574b\" data-element_type=\"container\" data-e-type=\"container\">\n\t\t\t\t<div class=\"elementor-element elementor-element-0c0d112 elementor-widget elementor-widget-image\" data-id=\"0c0d112\" data-element_type=\"widget\" data-e-type=\"widget\" data-widget_type=\"image.default\">\n\t\t\t\t\t\t\t\t\t\t\t\t\t\t\t\t<a href=\"https:\/\/constructionbriand.com\/wp-content\/uploads\/2025\/10\/Anne-Marie-facade-avec-garage.jpg\" data-elementor-open-lightbox=\"yes\" data-elementor-lightbox-title=\"Anne-Marie facade avec garage\" data-e-action-hash=\"#elementor-action%3Aaction%3Dlightbox%26settings%3DeyJpZCI6MTQ2NywidXJsIjoiaHR0cHM6XC9cL2NvbnN0cnVjdGlvbmJyaWFuZC5jb21cL3dwLWNvbnRlbnRcL3VwbG9hZHNcLzIwMjVcLzEwXC9Bbm5lLU1hcmllLWZhY2FkZS1hdmVjLWdhcmFnZS5qcGcifQ%3D%3D\">\n\t\t\t\t\t\t\t<img fetchpriority=\"high\" decoding=\"async\" width=\"1024\" height=\"576\" src=\"https:\/\/constructionbriand.com\/wp-content\/uploads\/2025\/10\/Anne-Marie-facade-avec-garage-1024x576.jpg\" class=\"attachment-large size-large wp-image-1467\" alt=\"construction-Briand-maison-Argenteuil-bungalow-cottage\" srcset=\"https:\/\/constructionbriand.com\/wp-content\/uploads\/2025\/10\/Anne-Marie-facade-avec-garage-1024x576.jpg 1024w, https:\/\/constructionbriand.com\/wp-content\/uploads\/2025\/10\/Anne-Marie-facade-avec-garage-300x169.jpg 300w, https:\/\/constructionbriand.com\/wp-content\/uploads\/2025\/10\/Anne-Marie-facade-avec-garage-768x432.jpg 768w, https:\/\/constructionbriand.com\/wp-content\/uploads\/2025\/10\/Anne-Marie-facade-avec-garage-18x10.jpg 18w, https:\/\/constructionbriand.com\/wp-content\/uploads\/2025\/10\/Anne-Marie-facade-avec-garage.jpg 1280w\" sizes=\"(max-width: 1024px) 100vw, 1024px\" \/>\t\t\t\t\t\t\t\t<\/a>\n\t\t\t\t\t\t\t\t\t\t\t\t\t\t\t<\/div>\n\t\t\t\t<div class=\"elementor-element elementor-element-a45346d elementor-widget elementor-widget-heading\" data-id=\"a45346d\" data-element_type=\"widget\" data-e-type=\"widget\" data-widget_type=\"heading.default\">\n\t\t\t\t\t<h2 class=\"elementor-heading-title elementor-size-default\">Anne-Marie model with garage<\/h2>\t\t\t\t<\/div>\n\t\t\t\t<div class=\"elementor-element elementor-element-ef959c1 elementor-widget-divider--view-line elementor-widget elementor-widget-divider\" data-id=\"ef959c1\" data-element_type=\"widget\" data-e-type=\"widget\" data-widget_type=\"divider.default\">\n\t\t\t\t\t\t\t<div class=\"elementor-divider\">\n\t\t\t<span class=\"elementor-divider-separator\">\n\t\t\t\t\t\t<\/span>\n\t\t<\/div>\n\t\t\t\t\t\t<\/div>\n\t\t\t\t<\/div>\n\t\t<div class=\"elementor-element elementor-element-6d33b88 e-con-full e-flex e-con e-child\" data-id=\"6d33b88\" data-element_type=\"container\" data-e-type=\"container\">\n\t\t\t\t<div class=\"elementor-element elementor-element-434b468 elementor-widget elementor-widget-heading\" data-id=\"434b468\" data-element_type=\"widget\" data-e-type=\"widget\" data-widget_type=\"heading.default\">\n\t\t\t\t\t<h2 class=\"elementor-heading-title elementor-size-default\">Contemporary style single-story house<\/h2>\t\t\t\t<\/div>\n\t\t\t\t<div class=\"elementor-element elementor-element-a584f19 elementor-widget elementor-widget-text-editor\" data-id=\"a584f19\" data-element_type=\"widget\" data-e-type=\"widget\" data-widget_type=\"text-editor.default\">\n\t\t\t\t\t\t\t\t\t<p class=\"translation-block\"><strong>Living area:<\/strong> +\/- 911 sq. ft.<br><strong>House perimeter:<\/strong> 42\u2019 x 31\u2019<br><strong>Garage perimeter:<\/strong> 12\u2019 x 30\u2019<br><strong>Number of bedrooms:<\/strong> 2<br><strong>Living room area:<\/strong> NA<br><strong>Garage area:<\/strong> 360 sq. ft.<br><strong>Living area:<\/strong> NA<\/p>\t\t\t\t\t\t\t\t<\/div>\n\t\t\t\t<\/div>\n\t\t\t\t<\/div>\n\t\t<div class=\"elementor-element elementor-element-0030f41 e-flex e-con-boxed e-con e-parent\" data-id=\"0030f41\" data-element_type=\"container\" data-e-type=\"container\">\n\t\t\t\t\t<div class=\"e-con-inner\">\n\t\t<div class=\"elementor-element elementor-element-29fcb21 e-con-full e-flex e-con e-child\" data-id=\"29fcb21\" data-element_type=\"container\" data-e-type=\"container\">\n\t\t\t\t<div class=\"elementor-element elementor-element-2740575 elementor-widget elementor-widget-text-editor\" data-id=\"2740575\" data-element_type=\"widget\" data-e-type=\"widget\" data-widget_type=\"text-editor.default\">\n\t\t\t\t\t\t\t\t\t<p><span style=\"font-family: Helvetica, Arial, sans-serif;\"><b>Description of the house<br \/><\/b><\/span><\/p><ul><li><span style=\"font-family: Helvetica, Arial, sans-serif;\">Land with infrastructure paid for at 100%<\/span><\/li><li><span style=\"font-family: Helvetica, Arial, sans-serif;\">GST and QST (including rebates)<\/span><\/li><li><span style=\"font-family: Helvetica, Arial, sans-serif;\">Shingle: 25-year warranty<\/span><\/li><li><span style=\"font-family: Helvetica, Arial, sans-serif;\">R4 exterior insulation panel<\/span><\/li><li><span style=\"font-family: Helvetica, Arial, sans-serif;\">Isolant <\/span><\/li><li><span style=\"font-family: Helvetica, Arial, sans-serif;\">Styrofoam sur la fondation et sous la dalle<\/span><\/li><li><span style=\"font-family: Helvetica, Arial, sans-serif;\">Energy-efficient PVC windows inside\/outside with Argon gas<\/span><\/li><li><span style=\"font-family: Helvetica, Arial, sans-serif;\">Electrical fixtures inside and outside<\/span><\/li><li><span style=\"font-family: Helvetica, Arial, sans-serif;\">Electronic thermostats everywhere<\/span><\/li><li><span style=\"font-family: Helvetica, Arial, sans-serif;\">Heat recovery air exchanger<\/span><\/li><li><span style=\"font-family: Helvetica, Arial, sans-serif;\">Stainless steel stove fan\u00a0<\/span><\/li><\/ul><p><span style=\"font-family: Helvetica, Arial, sans-serif;\"><b><br \/>Optional<\/b><br \/><\/span><\/p><ul><li><span style=\"font-family: Helvetica, Arial, sans-serif;\">Hardwood flooring<\/span><\/li><li><span style=\"font-family: Helvetica, Arial, sans-serif;\">Hardwood staircase<\/span><\/li><li><span style=\"font-family: Helvetica, Arial, sans-serif;\">Wall-mounted heat pump<\/span><\/li><li><span style=\"font-family: Helvetica, Arial, sans-serif;\">Color paints<\/span><\/li><li><span style=\"font-family: Helvetica, Arial, sans-serif;\">Ceramics in the dining room<\/span><\/li><li><span style=\"font-family: Helvetica, Arial, sans-serif;\">Central vacuum<\/span><\/li><li><span style=\"font-family: Helvetica, Arial, sans-serif;\">Fireplace<\/span><\/li><li><span style=\"font-family: Helvetica, Arial, sans-serif;\">Roasted wood on the facade<\/span><\/li><\/ul><p><span style=\"font-family: Helvetica, Arial, sans-serif;\">Plusieurs autres options sur demande. Contactez-nous pour en savoir plus.<\/span><\/p>\t\t\t\t\t\t\t\t<\/div>\n\t\t\t\t<div class=\"elementor-element elementor-element-999b342 elementor-widget elementor-widget-button\" data-id=\"999b342\" data-element_type=\"widget\" data-e-type=\"widget\" data-widget_type=\"button.default\">\n\t\t\t\t\t\t\t\t\t\t<a class=\"elementor-button elementor-button-link elementor-size-sm\" href=\"https:\/\/constructionbriand.com\/en\/bungalow-construction-argenteuil-et-ste-marthe-sur-le-lac\/\">\n\t\t\t\t\t\t<span class=\"elementor-button-content-wrapper\">\n\t\t\t\t\t\t<span class=\"elementor-button-icon\">\n\t\t\t\t<svg aria-hidden=\"true\" class=\"e-font-icon-svg e-far-arrow-alt-circle-right\" viewbox=\"0 0 512 512\" xmlns=\"http:\/\/www.w3.org\/2000\/svg\"><path d=\"M504 256C504 119 393 8 256 8S8 119 8 256s111 248 248 248 248-111 248-248zm-448 0c0-110.5 89.5-200 200-200s200 89.5 200 200-89.5 200-200 200S56 366.5 56 256zm72 20v-40c0-6.6 5.4-12 12-12h116v-67c0-10.7 12.9-16 20.5-8.5l99 99c4.7 4.7 4.7 12.3 0 17l-99 99c-7.6 7.6-20.5 2.2-20.5-8.5v-67H140c-6.6 0-12-5.4-12-12z\"><\/path><\/svg>\t\t\t<\/span>\n\t\t\t\t\t\t\t\t\t<span class=\"elementor-button-text\">OTHER BUNGALOW MODELS<\/span>\n\t\t\t\t\t<\/span>\n\t\t\t\t\t<\/a>\n\t\t\t\t\t\t\t\t<\/div>\n\t\t\t\t<\/div>\n\t\t<div class=\"elementor-element elementor-element-ecc8658 e-con-full e-flex e-con e-child\" data-id=\"ecc8658\" data-element_type=\"container\" data-e-type=\"container\">\n\t\t\t\t<div class=\"elementor-element elementor-element-97add1d elementor-widget elementor-widget-image\" data-id=\"97add1d\" data-element_type=\"widget\" data-e-type=\"widget\" data-widget_type=\"image.default\">\n\t\t\t\t\t\t\t\t\t\t\t\t\t\t\t\t<a href=\"https:\/\/constructionbriand.com\/wp-content\/uploads\/2025\/10\/planchers-anne-marie-garage.jpg\" data-elementor-open-lightbox=\"yes\" data-elementor-lightbox-title=\"planchers anne-marie garage\" data-e-action-hash=\"#elementor-action%3Aaction%3Dlightbox%26settings%3DeyJpZCI6MTQ2OCwidXJsIjoiaHR0cHM6XC9cL2NvbnN0cnVjdGlvbmJyaWFuZC5jb21cL3dwLWNvbnRlbnRcL3VwbG9hZHNcLzIwMjVcLzEwXC9wbGFuY2hlcnMtYW5uZS1tYXJpZS1nYXJhZ2UuanBnIn0%3D\">\n\t\t\t\t\t\t\t<img decoding=\"async\" width=\"1024\" height=\"576\" src=\"https:\/\/constructionbriand.com\/wp-content\/uploads\/2025\/10\/planchers-anne-marie-garage-1024x576.jpg\" class=\"attachment-large size-large wp-image-1468\" alt=\"construction-Briand-maison-Argenteuil-bungalow-cottage\" srcset=\"https:\/\/constructionbriand.com\/wp-content\/uploads\/2025\/10\/planchers-anne-marie-garage-1024x576.jpg 1024w, https:\/\/constructionbriand.com\/wp-content\/uploads\/2025\/10\/planchers-anne-marie-garage-300x169.jpg 300w, https:\/\/constructionbriand.com\/wp-content\/uploads\/2025\/10\/planchers-anne-marie-garage-768x432.jpg 768w, https:\/\/constructionbriand.com\/wp-content\/uploads\/2025\/10\/planchers-anne-marie-garage-18x10.jpg 18w, https:\/\/constructionbriand.com\/wp-content\/uploads\/2025\/10\/planchers-anne-marie-garage.jpg 1280w\" sizes=\"(max-width: 1024px) 100vw, 1024px\" \/>\t\t\t\t\t\t\t\t<\/a>\n\t\t\t\t\t\t\t\t\t\t\t\t\t\t\t<\/div>\n\t\t\t\t<\/div>\n\t\t\t\t\t<\/div>\n\t\t\t\t<\/div>\n\t\t\t\t<\/div>","protected":false},"excerpt":{"rendered":"<p>Mod\u00e8le Anne-Marie avec garage Maison plain-pied de style contemporain Superficie habitable : +\/- 911 p.c.P\u00e9rim\u00e8tre maison : 42\u2019 x 31\u2019P\u00e9rim\u00e8tre garage : 12\u2019 x 30\u2019Nombre de chambres : 2Superficie s\u00e9jour : NASuperficie garage : 360 p.c.Superficie logement : NA Description de la maison Terrain avec infrastructures pay\u00e9es \u00e0 100% TPS et TVQ (incluant les ristournes)&hellip;&nbsp;<\/p>","protected":false},"author":1,"featured_media":0,"parent":0,"menu_order":0,"comment_status":"closed","ping_status":"closed","template":"page-templates\/template-pagebuilder-full-width.php","meta":{"_seopress_robots_primary_cat":"","_seopress_titles_title":"Constructeur maison neuve, Argenteuil, Ste-Marthe sur le lac.","_seopress_titles_desc":"D\u00e9couvrez nos maisons neuves \u00e0 construire, Construction Briand vous offre Bungalows, Cottages, Jumel\u00e9, Mini-maison, maison modulaire et maison avec logement.","_seopress_robots_index":"","neve_meta_sidebar":"","neve_meta_container":"","neve_meta_enable_content_width":"","neve_meta_content_width":0,"neve_meta_title_alignment":"","neve_meta_author_avatar":"","neve_post_elements_order":"","neve_meta_disable_header":"","neve_meta_disable_footer":"","neve_meta_disable_title":"","neve_meta_reading_time":"","footnotes":""},"class_list":["post-1549","page","type-page","status-publish","hentry"],"_links":{"self":[{"href":"https:\/\/constructionbriand.com\/en\/wp-json\/wp\/v2\/pages\/1549","targetHints":{"allow":["GET"]}}],"collection":[{"href":"https:\/\/constructionbriand.com\/en\/wp-json\/wp\/v2\/pages"}],"about":[{"href":"https:\/\/constructionbriand.com\/en\/wp-json\/wp\/v2\/types\/page"}],"author":[{"embeddable":true,"href":"https:\/\/constructionbriand.com\/en\/wp-json\/wp\/v2\/users\/1"}],"replies":[{"embeddable":true,"href":"https:\/\/constructionbriand.com\/en\/wp-json\/wp\/v2\/comments?post=1549"}],"version-history":[{"count":9,"href":"https:\/\/constructionbriand.com\/en\/wp-json\/wp\/v2\/pages\/1549\/revisions"}],"predecessor-version":[{"id":1562,"href":"https:\/\/constructionbriand.com\/en\/wp-json\/wp\/v2\/pages\/1549\/revisions\/1562"}],"wp:attachment":[{"href":"https:\/\/constructionbriand.com\/en\/wp-json\/wp\/v2\/media?parent=1549"}],"curies":[{"name":"wp","href":"https:\/\/api.w.org\/{rel}","templated":true}]}}