{"id":1137,"date":"2025-10-07T14:03:19","date_gmt":"2025-10-07T14:03:19","guid":{"rendered":"https:\/\/constructionbriand.com\/?page_id=1137"},"modified":"2025-10-07T16:19:54","modified_gmt":"2025-10-07T16:19:54","slug":"maison-modulaire-argenteuil-et-ste-marthe-sur-le-lac","status":"publish","type":"page","link":"https:\/\/constructionbriand.com\/en\/maison-modulaire-argenteuil-et-ste-marthe-sur-le-lac\/","title":{"rendered":"maison-modulaire-Argenteuil et Ste-Marthe sur le lac"},"content":{"rendered":"\t\t<div data-elementor-type=\"wp-page\" data-elementor-id=\"1137\" class=\"elementor elementor-1137\">\n\t\t\t\t\t\t<section class=\"elementor-section elementor-top-section elementor-element elementor-element-6ae1b70 elementor-section-height-min-height elementor-section-full_width elementor-section-height-default elementor-section-items-middle\" data-id=\"6ae1b70\" data-element_type=\"section\" data-e-type=\"section\" data-settings=\"{&quot;background_background&quot;:&quot;slideshow&quot;,&quot;background_slideshow_gallery&quot;:[{&quot;id&quot;:647,&quot;url&quot;:&quot;https:\\\/\\\/constructionbriand.com\\\/wp-content\\\/uploads\\\/2025\\\/09\\\/backgr-bungalows.jpg&quot;}],&quot;background_slideshow_loop&quot;:&quot;yes&quot;,&quot;background_slideshow_slide_duration&quot;:5000,&quot;background_slideshow_slide_transition&quot;:&quot;fade&quot;,&quot;background_slideshow_transition_duration&quot;:500}\">\n\t\t\t\t\t\t\t<div class=\"elementor-background-overlay\"><\/div>\n\t\t\t\t\t\t\t<div class=\"elementor-container elementor-column-gap-default\">\n\t\t\t\t\t<div class=\"elementor-column elementor-col-100 elementor-top-column elementor-element elementor-element-9baa956\" data-id=\"9baa956\" data-element_type=\"column\" data-e-type=\"column\">\n\t\t\t<div class=\"elementor-widget-wrap elementor-element-populated\">\n\t\t\t\t\t\t<section class=\"elementor-section elementor-inner-section elementor-element elementor-element-8a9ea2f elementor-section-boxed elementor-section-height-default elementor-section-height-default\" data-id=\"8a9ea2f\" data-element_type=\"section\" data-e-type=\"section\">\n\t\t\t\t\t\t<div class=\"elementor-container elementor-column-gap-default\">\n\t\t\t\t\t<div class=\"elementor-column elementor-col-50 elementor-inner-column elementor-element elementor-element-67cd30e elementor-invisible\" data-id=\"67cd30e\" data-element_type=\"column\" data-e-type=\"column\" data-settings=\"{&quot;background_background&quot;:&quot;classic&quot;,&quot;animation&quot;:&quot;bounceInUp&quot;}\">\n\t\t\t<div class=\"elementor-widget-wrap elementor-element-populated\">\n\t\t\t\t\t\t<div class=\"elementor-element elementor-element-107f9ff elementor-widget elementor-widget-heading\" data-id=\"107f9ff\" data-element_type=\"widget\" data-e-type=\"widget\" data-widget_type=\"heading.default\">\n\t\t\t\t\t<h1 class=\"elementor-heading-title elementor-size-default\">Maison modulaire<\/h1>\t\t\t\t<\/div>\n\t\t\t\t<div class=\"elementor-element elementor-element-d386291 elementor-widget__width-initial elementor-widget elementor-widget-heading\" data-id=\"d386291\" data-element_type=\"widget\" data-e-type=\"widget\" data-widget_type=\"heading.default\">\n\t\t\t\t\t<h2 class=\"elementor-heading-title elementor-size-default\">Ste-Marthe sur le lac<\/h2>\t\t\t\t<\/div>\n\t\t\t\t\t<\/div>\n\t\t<\/div>\n\t\t\t\t<div class=\"elementor-column elementor-col-50 elementor-inner-column elementor-element elementor-element-5d17396\" data-id=\"5d17396\" data-element_type=\"column\" data-e-type=\"column\">\n\t\t\t<div class=\"elementor-widget-wrap\">\n\t\t\t\t\t\t\t<\/div>\n\t\t<\/div>\n\t\t\t\t\t<\/div>\n\t\t<\/section>\n\t\t\t\t\t<\/div>\n\t\t<\/div>\n\t\t\t\t\t<\/div>\n\t\t<\/section>\n\t\t<div class=\"elementor-element elementor-element-e29eb8d e-flex e-con-boxed e-con e-parent\" data-id=\"e29eb8d\" data-element_type=\"container\" data-e-type=\"container\">\n\t\t\t\t\t<div class=\"e-con-inner\">\n\t\t\t\t<div class=\"elementor-element elementor-element-409d289 elementor-widget elementor-widget-heading\" data-id=\"409d289\" data-element_type=\"widget\" data-e-type=\"widget\" data-widget_type=\"heading.default\">\n\t\t\t\t\t<h2 class=\"elementor-heading-title elementor-size-default\">Notre mod\u00e8le de maison modulaire<\/h2>\t\t\t\t<\/div>\n\t\t\t\t<div class=\"elementor-element elementor-element-76150e0 elementor-widget__width-initial elementor-widget-divider--view-line elementor-widget elementor-widget-divider\" data-id=\"76150e0\" data-element_type=\"widget\" data-e-type=\"widget\" data-widget_type=\"divider.default\">\n\t\t\t\t\t\t\t<div class=\"elementor-divider\">\n\t\t\t<span class=\"elementor-divider-separator\">\n\t\t\t\t\t\t<\/span>\n\t\t<\/div>\n\t\t\t\t\t\t<\/div>\n\t\t\t\t\t<\/div>\n\t\t\t\t<\/div>\n\t\t<div class=\"elementor-element elementor-element-4292f8a e-flex e-con-boxed e-con e-parent\" data-id=\"4292f8a\" data-element_type=\"container\" data-e-type=\"container\">\n\t\t\t\t\t<div class=\"e-con-inner\">\n\t\t<div class=\"elementor-element elementor-element-6c6574b e-con-full e-flex e-con e-child\" data-id=\"6c6574b\" data-element_type=\"container\" data-e-type=\"container\">\n\t\t\t\t<div class=\"elementor-element elementor-element-c31fd14 elementor-widget elementor-widget-image\" data-id=\"c31fd14\" data-element_type=\"widget\" data-e-type=\"widget\" data-widget_type=\"image.default\">\n\t\t\t\t\t\t\t\t\t\t\t\t\t\t\t\t<a href=\"https:\/\/constructionbriand.com\/wp-content\/uploads\/2025\/10\/modulaire_color_grisPale.jpg\" data-elementor-open-lightbox=\"yes\" data-elementor-lightbox-title=\"modulaire_color_grisPale\" data-e-action-hash=\"#elementor-action%3Aaction%3Dlightbox%26settings%3DeyJpZCI6MTE0MiwidXJsIjoiaHR0cHM6XC9cL2NvbnN0cnVjdGlvbmJyaWFuZC5jb21cL3dwLWNvbnRlbnRcL3VwbG9hZHNcLzIwMjVcLzEwXC9tb2R1bGFpcmVfY29sb3JfZ3Jpc1BhbGUuanBnIn0%3D\">\n\t\t\t\t\t\t\t<img fetchpriority=\"high\" decoding=\"async\" width=\"1024\" height=\"576\" src=\"https:\/\/constructionbriand.com\/wp-content\/uploads\/2025\/10\/modulaire_color_grisPale-1024x576.jpg\" class=\"attachment-large size-large wp-image-1142\" alt=\"construction-Briand-maison-Argenteuil-bungalow-cottage\" srcset=\"https:\/\/constructionbriand.com\/wp-content\/uploads\/2025\/10\/modulaire_color_grisPale-1024x576.jpg 1024w, https:\/\/constructionbriand.com\/wp-content\/uploads\/2025\/10\/modulaire_color_grisPale-300x169.jpg 300w, https:\/\/constructionbriand.com\/wp-content\/uploads\/2025\/10\/modulaire_color_grisPale-768x432.jpg 768w, https:\/\/constructionbriand.com\/wp-content\/uploads\/2025\/10\/modulaire_color_grisPale-18x10.jpg 18w, https:\/\/constructionbriand.com\/wp-content\/uploads\/2025\/10\/modulaire_color_grisPale.jpg 1280w\" sizes=\"(max-width: 1024px) 100vw, 1024px\" \/>\t\t\t\t\t\t\t\t<\/a>\n\t\t\t\t\t\t\t\t\t\t\t\t\t\t\t<\/div>\n\t\t\t\t<div class=\"elementor-element elementor-element-79460b1 elementor-widget elementor-widget-heading\" data-id=\"79460b1\" data-element_type=\"widget\" data-e-type=\"widget\" data-widget_type=\"heading.default\">\n\t\t\t\t\t<h2 class=\"elementor-heading-title elementor-size-default\">Modulaire gris p\u00e2le<\/h2>\t\t\t\t<\/div>\n\t\t\t\t<div class=\"elementor-element elementor-element-ef959c1 elementor-widget-divider--view-line elementor-widget elementor-widget-divider\" data-id=\"ef959c1\" data-element_type=\"widget\" data-e-type=\"widget\" data-widget_type=\"divider.default\">\n\t\t\t\t\t\t\t<div class=\"elementor-divider\">\n\t\t\t<span class=\"elementor-divider-separator\">\n\t\t\t\t\t\t<\/span>\n\t\t<\/div>\n\t\t\t\t\t\t<\/div>\n\t\t\t\t<\/div>\n\t\t<div class=\"elementor-element elementor-element-6d33b88 e-con-full e-flex e-con e-child\" data-id=\"6d33b88\" data-element_type=\"container\" data-e-type=\"container\">\n\t\t\t\t<div class=\"elementor-element elementor-element-deff2db elementor-widget elementor-widget-image\" data-id=\"deff2db\" data-element_type=\"widget\" data-e-type=\"widget\" data-widget_type=\"image.default\">\n\t\t\t\t\t\t\t\t\t\t\t\t\t\t\t\t<a href=\"https:\/\/constructionbriand.com\/wp-content\/uploads\/2025\/10\/modulaire_color_charcoal.jpg\" data-elementor-open-lightbox=\"yes\" data-elementor-lightbox-title=\"modulaire_color_charcoal\" data-e-action-hash=\"#elementor-action%3Aaction%3Dlightbox%26settings%3DeyJpZCI6MTE0MSwidXJsIjoiaHR0cHM6XC9cL2NvbnN0cnVjdGlvbmJyaWFuZC5jb21cL3dwLWNvbnRlbnRcL3VwbG9hZHNcLzIwMjVcLzEwXC9tb2R1bGFpcmVfY29sb3JfY2hhcmNvYWwuanBnIn0%3D\">\n\t\t\t\t\t\t\t<img decoding=\"async\" width=\"1024\" height=\"576\" src=\"https:\/\/constructionbriand.com\/wp-content\/uploads\/2025\/10\/modulaire_color_charcoal-1024x576.jpg\" class=\"attachment-large size-large wp-image-1141\" alt=\"construction-Briand-maison-Argenteuil-bungalow-cottage\" srcset=\"https:\/\/constructionbriand.com\/wp-content\/uploads\/2025\/10\/modulaire_color_charcoal-1024x576.jpg 1024w, https:\/\/constructionbriand.com\/wp-content\/uploads\/2025\/10\/modulaire_color_charcoal-300x169.jpg 300w, https:\/\/constructionbriand.com\/wp-content\/uploads\/2025\/10\/modulaire_color_charcoal-768x432.jpg 768w, https:\/\/constructionbriand.com\/wp-content\/uploads\/2025\/10\/modulaire_color_charcoal-18x10.jpg 18w, https:\/\/constructionbriand.com\/wp-content\/uploads\/2025\/10\/modulaire_color_charcoal.jpg 1280w\" sizes=\"(max-width: 1024px) 100vw, 1024px\" \/>\t\t\t\t\t\t\t\t<\/a>\n\t\t\t\t\t\t\t\t\t\t\t\t\t\t\t<\/div>\n\t\t\t\t<div class=\"elementor-element elementor-element-f44f02b elementor-widget elementor-widget-heading\" data-id=\"f44f02b\" data-element_type=\"widget\" data-e-type=\"widget\" data-widget_type=\"heading.default\">\n\t\t\t\t\t<h2 class=\"elementor-heading-title elementor-size-default\">Modulaire gris fonc\u00e9<\/h2>\t\t\t\t<\/div>\n\t\t\t\t<div class=\"elementor-element elementor-element-f9d17ec elementor-widget-divider--view-line elementor-widget elementor-widget-divider\" data-id=\"f9d17ec\" data-element_type=\"widget\" data-e-type=\"widget\" data-widget_type=\"divider.default\">\n\t\t\t\t\t\t\t<div class=\"elementor-divider\">\n\t\t\t<span class=\"elementor-divider-separator\">\n\t\t\t\t\t\t<\/span>\n\t\t<\/div>\n\t\t\t\t\t\t<\/div>\n\t\t\t\t<\/div>\n\t\t\t\t\t<\/div>\n\t\t\t\t<\/div>\n\t\t<div class=\"elementor-element elementor-element-cbc6baa e-flex e-con-boxed e-con e-parent\" data-id=\"cbc6baa\" data-element_type=\"container\" data-e-type=\"container\">\n\t\t\t\t\t<div class=\"e-con-inner\">\n\t\t<div class=\"elementor-element elementor-element-99084e2 e-con-full e-flex e-con e-child\" data-id=\"99084e2\" data-element_type=\"container\" data-e-type=\"container\">\n\t\t\t\t<div class=\"elementor-element elementor-element-ee17e77 elementor-widget elementor-widget-image\" data-id=\"ee17e77\" data-element_type=\"widget\" data-e-type=\"widget\" data-widget_type=\"image.default\">\n\t\t\t\t\t\t\t\t\t\t\t\t\t\t\t\t<a href=\"https:\/\/constructionbriand.com\/wp-content\/uploads\/2025\/10\/modulaire_color_beige.jpg\" data-elementor-open-lightbox=\"yes\" data-elementor-lightbox-title=\"modulaire_color_beige\" data-e-action-hash=\"#elementor-action%3Aaction%3Dlightbox%26settings%3DeyJpZCI6MTE0MCwidXJsIjoiaHR0cHM6XC9cL2NvbnN0cnVjdGlvbmJyaWFuZC5jb21cL3dwLWNvbnRlbnRcL3VwbG9hZHNcLzIwMjVcLzEwXC9tb2R1bGFpcmVfY29sb3JfYmVpZ2UuanBnIn0%3D\">\n\t\t\t\t\t\t\t<img decoding=\"async\" width=\"1024\" height=\"576\" src=\"https:\/\/constructionbriand.com\/wp-content\/uploads\/2025\/10\/modulaire_color_beige-1024x576.jpg\" class=\"attachment-large size-large wp-image-1140\" alt=\"construction-Briand-maison-Argenteuil-bungalow-cottage\" srcset=\"https:\/\/constructionbriand.com\/wp-content\/uploads\/2025\/10\/modulaire_color_beige-1024x576.jpg 1024w, https:\/\/constructionbriand.com\/wp-content\/uploads\/2025\/10\/modulaire_color_beige-300x169.jpg 300w, https:\/\/constructionbriand.com\/wp-content\/uploads\/2025\/10\/modulaire_color_beige-768x432.jpg 768w, https:\/\/constructionbriand.com\/wp-content\/uploads\/2025\/10\/modulaire_color_beige-18x10.jpg 18w, https:\/\/constructionbriand.com\/wp-content\/uploads\/2025\/10\/modulaire_color_beige.jpg 1280w\" sizes=\"(max-width: 1024px) 100vw, 1024px\" \/>\t\t\t\t\t\t\t\t<\/a>\n\t\t\t\t\t\t\t\t\t\t\t\t\t\t\t<\/div>\n\t\t\t\t<div class=\"elementor-element elementor-element-54f6ca4 elementor-widget elementor-widget-heading\" data-id=\"54f6ca4\" data-element_type=\"widget\" data-e-type=\"widget\" data-widget_type=\"heading.default\">\n\t\t\t\t\t<h2 class=\"elementor-heading-title elementor-size-default\">Modulaire beige<\/h2>\t\t\t\t<\/div>\n\t\t\t\t<div class=\"elementor-element elementor-element-17c1b65 elementor-widget-divider--view-line elementor-widget elementor-widget-divider\" data-id=\"17c1b65\" data-element_type=\"widget\" data-e-type=\"widget\" data-widget_type=\"divider.default\">\n\t\t\t\t\t\t\t<div class=\"elementor-divider\">\n\t\t\t<span class=\"elementor-divider-separator\">\n\t\t\t\t\t\t<\/span>\n\t\t<\/div>\n\t\t\t\t\t\t<\/div>\n\t\t\t\t<\/div>\n\t\t<div class=\"elementor-element elementor-element-7f59953 e-con-full e-flex e-con e-child\" data-id=\"7f59953\" data-element_type=\"container\" data-e-type=\"container\">\n\t\t\t\t<div class=\"elementor-element elementor-element-73f71ea elementor-widget elementor-widget-heading\" data-id=\"73f71ea\" data-element_type=\"widget\" data-e-type=\"widget\" data-widget_type=\"heading.default\">\n\t\t\t\t\t<h2 class=\"elementor-heading-title elementor-size-default\">Plans en PDF<\/h2>\t\t\t\t<\/div>\n\t\t\t\t<div class=\"elementor-element elementor-element-a8250c3 elementor-widget elementor-widget-heading\" data-id=\"a8250c3\" data-element_type=\"widget\" data-e-type=\"widget\" data-widget_type=\"heading.default\">\n\t\t\t\t\t<h4 class=\"elementor-heading-title elementor-size-default\"><a href=\"https:\/\/constructionbriand.com\/wp-content\/uploads\/2025\/10\/23-781-P.Briand-MODULAIRE-KOTI_16x64-Terrain-57326e\u0300.Ave_.Ste-Marthe_PERMIS.pdf\" target=\"_blank\">Plan1.PDF<\/a><\/h4>\t\t\t\t<\/div>\n\t\t\t\t<div class=\"elementor-element elementor-element-a68eec1 elementor-widget elementor-widget-heading\" data-id=\"a68eec1\" data-element_type=\"widget\" data-e-type=\"widget\" data-widget_type=\"heading.default\">\n\t\t\t\t\t<h4 class=\"elementor-heading-title elementor-size-default\"><a href=\"https:\/\/constructionbriand.com\/wp-content\/uploads\/2025\/10\/ProjetPB.pdf\" target=\"_blank\">Plan2.PDF<\/a><\/h4>\t\t\t\t<\/div>\n\t\t\t\t<div class=\"elementor-element elementor-element-b55b473 elementor-widget-divider--view-line elementor-widget elementor-widget-divider\" data-id=\"b55b473\" data-element_type=\"widget\" data-e-type=\"widget\" data-widget_type=\"divider.default\">\n\t\t\t\t\t\t\t<div class=\"elementor-divider\">\n\t\t\t<span class=\"elementor-divider-separator\">\n\t\t\t\t\t\t<\/span>\n\t\t<\/div>\n\t\t\t\t\t\t<\/div>\n\t\t\t\t<\/div>\n\t\t\t\t\t<\/div>\n\t\t\t\t<\/div>\n\t\t\t\t<\/div>\n\t\t","protected":false},"excerpt":{"rendered":"<p>Maison modulaire Ste-Marthe sur le lac Notre mod\u00e8le de maison modulaire Modulaire gris p\u00e2le Modulaire gris fonc\u00e9 Modulaire beige Plans en PDF Plan1.PDF Plan2.PDF<\/p>","protected":false},"author":1,"featured_media":0,"parent":0,"menu_order":0,"comment_status":"closed","ping_status":"closed","template":"page-templates\/template-pagebuilder-full-width.php","meta":{"_seopress_robots_primary_cat":"","_seopress_titles_title":"Constructeur maison neuve, Argenteuil, Ste-Marthe sur le lac.","_seopress_titles_desc":"D\u00e9couvrez nos maisons neuves \u00e0 construire, Construction Briand vous offre Bungalows, Cottages, Jumel\u00e9, Mini-maison, maison modulaire et maison avec logement.","_seopress_robots_index":"","neve_meta_sidebar":"","neve_meta_container":"","neve_meta_enable_content_width":"","neve_meta_content_width":0,"neve_meta_title_alignment":"","neve_meta_author_avatar":"","neve_post_elements_order":"","neve_meta_disable_header":"","neve_meta_disable_footer":"","neve_meta_disable_title":"","neve_meta_reading_time":"","footnotes":""},"class_list":["post-1137","page","type-page","status-publish","hentry"],"_links":{"self":[{"href":"https:\/\/constructionbriand.com\/en\/wp-json\/wp\/v2\/pages\/1137","targetHints":{"allow":["GET"]}}],"collection":[{"href":"https:\/\/constructionbriand.com\/en\/wp-json\/wp\/v2\/pages"}],"about":[{"href":"https:\/\/constructionbriand.com\/en\/wp-json\/wp\/v2\/types\/page"}],"author":[{"embeddable":true,"href":"https:\/\/constructionbriand.com\/en\/wp-json\/wp\/v2\/users\/1"}],"replies":[{"embeddable":true,"href":"https:\/\/constructionbriand.com\/en\/wp-json\/wp\/v2\/comments?post=1137"}],"version-history":[{"count":17,"href":"https:\/\/constructionbriand.com\/en\/wp-json\/wp\/v2\/pages\/1137\/revisions"}],"predecessor-version":[{"id":1295,"href":"https:\/\/constructionbriand.com\/en\/wp-json\/wp\/v2\/pages\/1137\/revisions\/1295"}],"wp:attachment":[{"href":"https:\/\/constructionbriand.com\/en\/wp-json\/wp\/v2\/media?parent=1137"}],"curies":[{"name":"wp","href":"https:\/\/api.w.org\/{rel}","templated":true}]}}