{"id":1011,"date":"2025-10-02T15:41:43","date_gmt":"2025-10-02T15:41:43","guid":{"rendered":"https:\/\/constructionbriand.com\/?page_id=1011"},"modified":"2025-10-07T16:05:40","modified_gmt":"2025-10-07T16:05:40","slug":"cottage-le-chardonnay","status":"publish","type":"page","link":"https:\/\/constructionbriand.com\/en\/cottage-le-chardonnay\/","title":{"rendered":"cottage-le-chardonnay"},"content":{"rendered":"<div data-elementor-type=\"wp-page\" data-elementor-id=\"1011\" class=\"elementor elementor-1011\">\n\t\t\t\t<div class=\"elementor-element elementor-element-4292f8a e-con-full e-flex e-con e-parent\" data-id=\"4292f8a\" data-element_type=\"container\" data-e-type=\"container\">\n\t\t<div class=\"elementor-element elementor-element-6c6574b e-con-full e-flex e-con e-child\" data-id=\"6c6574b\" data-element_type=\"container\" data-e-type=\"container\">\n\t\t\t\t<div class=\"elementor-element elementor-element-c31fd14 elementor-widget elementor-widget-image\" data-id=\"c31fd14\" data-element_type=\"widget\" data-e-type=\"widget\" data-widget_type=\"image.default\">\n\t\t\t\t\t\t\t\t\t\t\t\t\t\t\t<img fetchpriority=\"high\" decoding=\"async\" width=\"849\" height=\"427\" src=\"https:\/\/constructionbriand.com\/wp-content\/uploads\/2025\/10\/cottage-le-chardonnay.jpg\" class=\"attachment-full size-full wp-image-931\" alt=\"construction-Briand-maison-Argenteuil-bungalow-cottage\" srcset=\"https:\/\/constructionbriand.com\/wp-content\/uploads\/2025\/10\/cottage-le-chardonnay.jpg 849w, https:\/\/constructionbriand.com\/wp-content\/uploads\/2025\/10\/cottage-le-chardonnay-300x151.jpg 300w, https:\/\/constructionbriand.com\/wp-content\/uploads\/2025\/10\/cottage-le-chardonnay-768x386.jpg 768w, https:\/\/constructionbriand.com\/wp-content\/uploads\/2025\/10\/cottage-le-chardonnay-18x9.jpg 18w\" sizes=\"(max-width: 849px) 100vw, 849px\" \/>\t\t\t\t\t\t\t\t\t\t\t\t\t\t\t<\/div>\n\t\t\t\t<div class=\"elementor-element elementor-element-79460b1 elementor-widget elementor-widget-heading\" data-id=\"79460b1\" data-element_type=\"widget\" data-e-type=\"widget\" data-widget_type=\"heading.default\">\n\t\t\t\t\t<h2 class=\"elementor-heading-title elementor-size-default\">Le Chardonnay<\/h2>\t\t\t\t<\/div>\n\t\t\t\t<div class=\"elementor-element elementor-element-ef959c1 elementor-widget-divider--view-line elementor-widget elementor-widget-divider\" data-id=\"ef959c1\" data-element_type=\"widget\" data-e-type=\"widget\" data-widget_type=\"divider.default\">\n\t\t\t\t\t\t\t<div class=\"elementor-divider\">\n\t\t\t<span class=\"elementor-divider-separator\">\n\t\t\t\t\t\t<\/span>\n\t\t<\/div>\n\t\t\t\t\t\t<\/div>\n\t\t\t\t<\/div>\n\t\t<div class=\"elementor-element elementor-element-6d33b88 e-con-full e-flex e-con e-child\" data-id=\"6d33b88\" data-element_type=\"container\" data-e-type=\"container\">\n\t\t\t\t<div class=\"elementor-element elementor-element-434b468 elementor-widget elementor-widget-heading\" data-id=\"434b468\" data-element_type=\"widget\" data-e-type=\"widget\" data-widget_type=\"heading.default\">\n\t\t\t\t\t<h2 class=\"elementor-heading-title elementor-size-default\">Contemporary style cottage<\/h2>\t\t\t\t<\/div>\n\t\t\t\t<div class=\"elementor-element elementor-element-b87c762 elementor-icon-list--layout-traditional elementor-list-item-link-full_width elementor-widget elementor-widget-icon-list\" data-id=\"b87c762\" data-element_type=\"widget\" data-e-type=\"widget\" data-widget_type=\"icon-list.default\">\n\t\t\t\t\t\t\t<ul class=\"elementor-icon-list-items\">\n\t\t\t\t\t\t\t<li class=\"elementor-icon-list-item\">\n\t\t\t\t\t\t\t\t\t\t\t<span class=\"elementor-icon-list-icon\">\n\t\t\t\t\t\t\t<svg aria-hidden=\"true\" class=\"e-font-icon-svg e-fas-check\" viewbox=\"0 0 512 512\" xmlns=\"http:\/\/www.w3.org\/2000\/svg\"><path d=\"M173.898 439.404l-166.4-166.4c-9.997-9.997-9.997-26.206 0-36.204l36.203-36.204c9.997-9.998 26.207-9.998 36.204 0L192 312.69 432.095 72.596c9.997-9.997 26.207-9.997 36.204 0l36.203 36.204c9.997 9.997 9.997 26.206 0 36.204l-294.4 294.401c-9.998 9.997-26.207 9.997-36.204-.001z\"><\/path><\/svg>\t\t\t\t\t\t<\/span>\n\t\t\t\t\t\t\t\t\t\t<span class=\"elementor-icon-list-text\">Property Type: Cottages with Garage<\/span>\n\t\t\t\t\t\t\t\t\t<\/li>\n\t\t\t\t\t\t\t\t<li class=\"elementor-icon-list-item\">\n\t\t\t\t\t\t\t\t\t\t\t<span class=\"elementor-icon-list-icon\">\n\t\t\t\t\t\t\t<svg aria-hidden=\"true\" class=\"e-font-icon-svg e-fas-check\" viewbox=\"0 0 512 512\" xmlns=\"http:\/\/www.w3.org\/2000\/svg\"><path d=\"M173.898 439.404l-166.4-166.4c-9.997-9.997-9.997-26.206 0-36.204l36.203-36.204c9.997-9.998 26.207-9.998 36.204 0L192 312.69 432.095 72.596c9.997-9.997 26.207-9.997 36.204 0l36.203 36.204c9.997 9.997 9.997 26.206 0 36.204l-294.4 294.401c-9.998 9.997-26.207 9.997-36.204-.001z\"><\/path><\/svg>\t\t\t\t\t\t<\/span>\n\t\t\t\t\t\t\t\t\t\t<span class=\"elementor-icon-list-text\">Garage : 1<\/span>\n\t\t\t\t\t\t\t\t\t<\/li>\n\t\t\t\t\t\t<\/ul>\n\t\t\t\t\t\t<\/div>\n\t\t\t\t<\/div>\n\t\t\t\t<\/div>\n\t\t<div class=\"elementor-element elementor-element-0030f41 e-flex e-con-boxed e-con e-parent\" data-id=\"0030f41\" data-element_type=\"container\" data-e-type=\"container\">\n\t\t\t\t\t<div class=\"e-con-inner\">\n\t\t<div class=\"elementor-element elementor-element-29fcb21 e-con-full e-flex e-con e-child\" data-id=\"29fcb21\" data-element_type=\"container\" data-e-type=\"container\">\n\t\t\t\t<div class=\"elementor-element elementor-element-2740575 elementor-widget elementor-widget-text-editor\" data-id=\"2740575\" data-element_type=\"widget\" data-e-type=\"widget\" data-widget_type=\"text-editor.default\">\n\t\t\t\t\t\t\t\t\t<p><span style=\"font-family: Helvetica, Arial, sans-serif;\"><b>Description of the house<br \/><\/b><\/span><\/p><ul><li><span style=\"font-family: Helvetica, Arial, sans-serif;\">Land with infrastructure paid for at 100%<\/span><\/li><li><span style=\"font-family: Helvetica, Arial, sans-serif;\">GST and QST (including rebates)<\/span><\/li><li><span style=\"font-family: Helvetica, Arial, sans-serif;\">Shingle: 25-year warranty<\/span><\/li><li><span style=\"font-family: Helvetica, Arial, sans-serif;\">R4 exterior insulation panel<\/span><\/li><li><span style=\"font-family: Helvetica, Arial, sans-serif;\">Styrofoam insulation on the foundation and under the slab<\/span><\/li><li><span style=\"font-family: Helvetica, Arial, sans-serif;\">Energy-efficient PVC windows inside\/outside with Argon gas<\/span><\/li><li><span style=\"font-family: Helvetica, Arial, sans-serif;\">Electrical fixtures inside and outside<\/span><\/li><li><span style=\"font-family: Helvetica, Arial, sans-serif;\">Electronic thermostats everywhere<\/span><\/li><li><span style=\"font-family: Helvetica, Arial, sans-serif;\">Heat recovery air exchanger<\/span><\/li><li><span style=\"font-family: Helvetica, Arial, sans-serif;\">Stainless steel stove fan\u00a0<\/span><\/li><\/ul><p><span style=\"font-family: Helvetica, Arial, sans-serif;\"><b>Optional<\/b><br \/><\/span><\/p><ul><li><span style=\"font-family: Helvetica, Arial, sans-serif;\">Hardwood flooring<\/span><\/li><li><span style=\"font-family: Helvetica, Arial, sans-serif;\">Hardwood staircase<\/span><\/li><li><span style=\"font-family: Helvetica, Arial, sans-serif;\">Wall-mounted heat pump<\/span><\/li><li><span style=\"font-family: Helvetica, Arial, sans-serif;\">Color paints<\/span><\/li><li><span style=\"font-family: Helvetica, Arial, sans-serif;\">Ceramics in the dining room<\/span><\/li><li><span style=\"font-family: Helvetica, Arial, sans-serif;\">Central vacuum<\/span><\/li><li><span style=\"font-family: Helvetica, Arial, sans-serif;\">Fireplace<\/span><\/li><li><span style=\"font-family: Helvetica, Arial, sans-serif;\">Roasted wood on the facade<\/span><\/li><\/ul><p><span style=\"font-family: Helvetica, Arial, sans-serif;\">Several other options available upon request. Contact us to find out more.<\/span><\/p>\t\t\t\t\t\t\t\t<\/div>\n\t\t\t\t<div class=\"elementor-element elementor-element-999b342 elementor-widget elementor-widget-button\" data-id=\"999b342\" data-element_type=\"widget\" data-e-type=\"widget\" data-widget_type=\"button.default\">\n\t\t\t\t\t\t\t\t\t\t<a class=\"elementor-button elementor-button-link elementor-size-sm\" href=\"https:\/\/constructionbriand.com\/en\/cottage-construction-argenteuil-et-ste-marthe-sur-le-lac\/\">\n\t\t\t\t\t\t<span class=\"elementor-button-content-wrapper\">\n\t\t\t\t\t\t<span class=\"elementor-button-icon\">\n\t\t\t\t<svg aria-hidden=\"true\" class=\"e-font-icon-svg e-far-arrow-alt-circle-right\" viewbox=\"0 0 512 512\" xmlns=\"http:\/\/www.w3.org\/2000\/svg\"><path d=\"M504 256C504 119 393 8 256 8S8 119 8 256s111 248 248 248 248-111 248-248zm-448 0c0-110.5 89.5-200 200-200s200 89.5 200 200-89.5 200-200 200S56 366.5 56 256zm72 20v-40c0-6.6 5.4-12 12-12h116v-67c0-10.7 12.9-16 20.5-8.5l99 99c4.7 4.7 4.7 12.3 0 17l-99 99c-7.6 7.6-20.5 2.2-20.5-8.5v-67H140c-6.6 0-12-5.4-12-12z\"><\/path><\/svg>\t\t\t<\/span>\n\t\t\t\t\t\t\t\t\t<span class=\"elementor-button-text\">AUTRES MOD\u00c8LES COTTAGES<\/span>\n\t\t\t\t\t<\/span>\n\t\t\t\t\t<\/a>\n\t\t\t\t\t\t\t\t<\/div>\n\t\t\t\t<\/div>\n\t\t<div class=\"elementor-element elementor-element-ecc8658 e-con-full e-flex e-con e-child\" data-id=\"ecc8658\" data-element_type=\"container\" data-e-type=\"container\">\n\t\t\t\t<\/div>\n\t\t\t\t\t<\/div>\n\t\t\t\t<\/div>\n\t\t\t\t<\/div>","protected":false},"excerpt":{"rendered":"<p>Le Chardonnay Cottage de style contemporain Type de propri\u00e9t\u00e9 : Cottages avec garage Garage : 1 Description de la maison Terrain avec infrastructures pay\u00e9es \u00e0 100% TPS et TVQ (incluant les ristournes) Bardeau : Garantie 25 ans Panneau isolant ext\u00e9rieur R4 Isolant styrofoam sur la fondation et sous la dalle Fen\u00eatres \u00e9nerg\u00e9tiques en PVC int.\/ext.&hellip;&nbsp;<\/p>","protected":false},"author":1,"featured_media":0,"parent":0,"menu_order":0,"comment_status":"closed","ping_status":"closed","template":"page-templates\/template-pagebuilder-full-width.php","meta":{"_seopress_robots_primary_cat":"","_seopress_titles_title":"Constructeur maison neuve, Argenteuil, Ste-Marthe sur le lac.","_seopress_titles_desc":"D\u00e9couvrez nos maisons neuves \u00e0 construire, Construction Briand vous offre Bungalows, Cottages, Jumel\u00e9, Mini-maison, maison modulaire et maison avec logement.","_seopress_robots_index":"","neve_meta_sidebar":"","neve_meta_container":"","neve_meta_enable_content_width":"","neve_meta_content_width":0,"neve_meta_title_alignment":"","neve_meta_author_avatar":"","neve_post_elements_order":"","neve_meta_disable_header":"","neve_meta_disable_footer":"","neve_meta_disable_title":"","neve_meta_reading_time":"","footnotes":""},"class_list":["post-1011","page","type-page","status-publish","hentry"],"_links":{"self":[{"href":"https:\/\/constructionbriand.com\/en\/wp-json\/wp\/v2\/pages\/1011","targetHints":{"allow":["GET"]}}],"collection":[{"href":"https:\/\/constructionbriand.com\/en\/wp-json\/wp\/v2\/pages"}],"about":[{"href":"https:\/\/constructionbriand.com\/en\/wp-json\/wp\/v2\/types\/page"}],"author":[{"embeddable":true,"href":"https:\/\/constructionbriand.com\/en\/wp-json\/wp\/v2\/users\/1"}],"replies":[{"embeddable":true,"href":"https:\/\/constructionbriand.com\/en\/wp-json\/wp\/v2\/comments?post=1011"}],"version-history":[{"count":17,"href":"https:\/\/constructionbriand.com\/en\/wp-json\/wp\/v2\/pages\/1011\/revisions"}],"predecessor-version":[{"id":1280,"href":"https:\/\/constructionbriand.com\/en\/wp-json\/wp\/v2\/pages\/1011\/revisions\/1280"}],"wp:attachment":[{"href":"https:\/\/constructionbriand.com\/en\/wp-json\/wp\/v2\/media?parent=1011"}],"curies":[{"name":"wp","href":"https:\/\/api.w.org\/{rel}","templated":true}]}}